{"id":316,"date":"2024-12-27T19:36:22","date_gmt":"2024-12-27T19:36:22","guid":{"rendered":"https:\/\/oscpr.com\/?page_id=316"},"modified":"2025-01-20T15:50:37","modified_gmt":"2025-01-20T15:50:37","slug":"politica-de-privacidad","status":"publish","type":"page","link":"https:\/\/oscpr.com\/es\/politica-de-privacidad\/","title":{"rendered":"Pol\u00edtica de privacidad"},"content":{"rendered":"<div data-elementor-type=\"wp-page\" data-elementor-id=\"316\" class=\"elementor elementor-316\" data-elementor-post-type=\"page\">\n\t\t\t\t<div class=\"elementor-element elementor-element-240025c e-flex e-con-boxed e-con e-parent\" data-id=\"240025c\" data-element_type=\"container\" data-settings=\"{&quot;background_background&quot;:&quot;classic&quot;}\">\n\t\t\t\t\t<div class=\"e-con-inner\">\n\t\t\t\t\t<\/div>\n\t\t\t\t<\/div>\n\t\t<div class=\"elementor-element elementor-element-ec05e42 e-flex e-con-boxed e-con e-parent\" data-id=\"ec05e42\" data-element_type=\"container\">\n\t\t\t\t\t<div class=\"e-con-inner\">\n\t\t\t\t<div class=\"elementor-element elementor-element-489eb00 elementor-widget elementor-widget-text-editor\" data-id=\"489eb00\" data-element_type=\"widget\" data-widget_type=\"text-editor.default\">\n\t\t\t\t\t\t\t\t\t<p><strong>\u00daltima actualizaci\u00f3n: 26 de diciembre de 2024.<\/strong><\/p><p>Bienvenido a <strong>oscpr.com<\/strong>.<\/p><p>Esta Pol\u00edtica de Privacidad explica c\u00f3mo recopilamos, usamos, compartimos y protegemos su informaci\u00f3n en relaci\u00f3n con nuestro sitio web.<\/p><ol><li><strong>Informaci\u00f3n que recopilamos<\/strong><\/li><\/ol><p>Podemos recopilar informaci\u00f3n personal que incluye, entre otros, su nombre, direcci\u00f3n de correo electr\u00f3nico, n\u00famero de tel\u00e9fono y cualquier otra informaci\u00f3n que proporcione voluntariamente al utilizar nuestro sitio web o comunicarse con nosotros.<\/p><ol start=\"2\"><li><strong>C\u00f3mo recopilamos su informaci\u00f3n<\/strong><\/li><\/ol><p>Su informaci\u00f3n personal puede recopilarse a trav\u00e9s de formularios en l\u00ednea, suscripciones a boletines informativos, consultas de contacto y el uso de cookies que recopilan datos sobre su uso del sitio.<\/p><ol start=\"3\"><li><strong>Uso de su informaci\u00f3n<\/strong><\/li><\/ol><p>Utilizamos su informaci\u00f3n para mejorar nuestro sitio web, brindarle informaci\u00f3n y servicios, responder a sus solicitudes y con fines de marketing, con su consentimiento.<\/p><ol start=\"4\"><li><strong>Compartiendo su informaci\u00f3n<\/strong><\/li><\/ol><p>No compartiremos su informaci\u00f3n personal con terceros excepto seg\u00fan lo exija la ley o para proteger nuestros derechos o propiedad.<\/p><ol start=\"5\"><li><strong>Seguridad de su informaci\u00f3n<\/strong><\/li><\/ol><p>Tomamos medidas razonables para proteger su informaci\u00f3n personal contra el acceso no autorizado, el mal uso o la divulgaci\u00f3n.<\/p><ol start=\"6\"><li><strong>Tus derechos<\/strong><\/li><\/ol><p>Tiene derecho a acceder, rectificar o eliminar su informaci\u00f3n personal. Por favor cont\u00e1ctenos si desea ejercer estos derechos.<\/p><ol start=\"7\"><li><strong>Pol\u00edtica de cookies<\/strong><\/li><\/ol><p>Nuestro sitio web utiliza cookies para mejorar la experiencia del usuario. Tienes la opci\u00f3n de aceptar o rechazar el uso de cookies.<\/p><ol start=\"8\"><li><strong>Cambios a esta pol\u00edtica<\/strong><\/li><\/ol><p>Nos reservamos el derecho de modificar esta Pol\u00edtica de Privacidad en cualquier momento. Cualquier cambio entrar\u00e1 en vigor inmediatamente despu\u00e9s de su publicaci\u00f3n en nuestro sitio web.<\/p><ol start=\"9\"><li><strong>Contacto<\/strong><\/li><\/ol><p>Si tiene alguna pregunta sobre esta Pol\u00edtica de Privacidad, por favor cont\u00e1ctenos en <a href=\"mailto:oscprhosting@gmail.com\"><strong>oscprhosting@gmail.com<\/strong><\/a><\/p>\t\t\t\t\t\t\t\t<\/div>\n\t\t\t\t\t<\/div>\n\t\t\t\t<\/div>\n\t\t\t\t<\/div>","protected":false},"excerpt":{"rendered":"<p>Last Updated: december 26, 2024. Welcome to oscpr.com. This Privacy Policy explains how we collect, use, share, and protect your information in relation to our website. Information We Collect We may collect personal information that includes, but is not limited to, your name, email address, phone number, and any other information you voluntarily provide when [&hellip;]<\/p>\n","protected":false},"author":1,"featured_media":0,"parent":0,"menu_order":0,"comment_status":"closed","ping_status":"closed","template":"","meta":{"_acf_changed":false,"_seopress_robots_primary_cat":"","_seopress_titles_title":"","_seopress_titles_desc":"","_seopress_robots_index":"","footnotes":""},"class_list":["post-316","page","type-page","status-publish","hentry"],"acf":[],"_links":{"self":[{"href":"https:\/\/oscpr.com\/es\/wp-json\/wp\/v2\/pages\/316","targetHints":{"allow":["GET"]}}],"collection":[{"href":"https:\/\/oscpr.com\/es\/wp-json\/wp\/v2\/pages"}],"about":[{"href":"https:\/\/oscpr.com\/es\/wp-json\/wp\/v2\/types\/page"}],"author":[{"embeddable":true,"href":"https:\/\/oscpr.com\/es\/wp-json\/wp\/v2\/users\/1"}],"replies":[{"embeddable":true,"href":"https:\/\/oscpr.com\/es\/wp-json\/wp\/v2\/comments?post=316"}],"version-history":[{"count":11,"href":"https:\/\/oscpr.com\/es\/wp-json\/wp\/v2\/pages\/316\/revisions"}],"predecessor-version":[{"id":349,"href":"https:\/\/oscpr.com\/es\/wp-json\/wp\/v2\/pages\/316\/revisions\/349"}],"wp:attachment":[{"href":"https:\/\/oscpr.com\/es\/wp-json\/wp\/v2\/media?parent=316"}],"curies":[{"name":"wp","href":"https:\/\/api.w.org\/{rel}","templated":true}]}}