{"id":21,"date":"2024-12-20T20:08:37","date_gmt":"2024-12-20T20:08:37","guid":{"rendered":"https:\/\/oscpr.com\/?page_id=21"},"modified":"2025-06-23T15:37:13","modified_gmt":"2025-06-23T15:37:13","slug":"about-us","status":"publish","type":"page","link":"https:\/\/oscpr.com\/es\/about-us\/","title":{"rendered":"Sobre nosotros"},"content":{"rendered":"<div data-elementor-type=\"wp-page\" data-elementor-id=\"21\" class=\"elementor elementor-21\" data-elementor-post-type=\"page\">\n\t\t\t\t<div class=\"elementor-element elementor-element-7f25d89 e-flex e-con-boxed e-con e-parent\" data-id=\"7f25d89\" data-element_type=\"container\">\n\t\t\t\t\t<div class=\"e-con-inner\">\n\t\t<div class=\"elementor-element elementor-element-c01e6d8 e-con-full e-flex e-con e-child\" data-id=\"c01e6d8\" data-element_type=\"container\">\n\t\t\t\t<div class=\"elementor-element elementor-element-2cd887f elementor-widget elementor-widget-image\" data-id=\"2cd887f\" data-element_type=\"widget\" data-widget_type=\"image.default\">\n\t\t\t\t\t\t\t\t\t\t\t\t\t\t\t<img alt=\"\" fetchpriority=\"high\" decoding=\"async\" width=\"408\" height=\"415\" src=\"https:\/\/oscpr.com\/wp-content\/uploads\/2024\/12\/pexels-karolina-grabowska-6345403-removebg-preview-e1734733504476.png\" class=\"attachment-full size-full wp-image-128\" srcset=\"https:\/\/oscpr.com\/wp-content\/uploads\/2024\/12\/pexels-karolina-grabowska-6345403-removebg-preview-e1734733504476.png 408w, https:\/\/oscpr.com\/wp-content\/uploads\/2024\/12\/pexels-karolina-grabowska-6345403-removebg-preview-e1734733504476-295x300.png 295w\" sizes=\"(max-width: 408px) 100vw, 408px\" \/>\t\t\t\t\t\t\t\t\t\t\t\t\t\t\t<\/div>\n\t\t\t\t<\/div>\n\t\t<div class=\"elementor-element elementor-element-60fa7db e-con-full e-flex e-con e-child\" data-id=\"60fa7db\" data-element_type=\"container\">\n\t\t\t\t<div class=\"elementor-element elementor-element-6fc6aaf elementor-widget elementor-widget-heading\" data-id=\"6fc6aaf\" data-element_type=\"widget\" data-widget_type=\"heading.default\">\n\t\t\t\t\t<h2 class=\"elementor-heading-title elementor-size-default\">Cirujanos ortop\u00e9dicos especializados en el tratamiento de lesiones leves a graves.\n<\/h2>\t\t\t\t<\/div>\n\t\t\t\t<div class=\"elementor-element elementor-element-d7fe5f9 elementor-widget elementor-widget-text-editor\" data-id=\"d7fe5f9\" data-element_type=\"widget\" data-widget_type=\"text-editor.default\">\n\t\t\t\t\t\t\t\t\t<section id=\"about-intro\" class=\"\"><div class=\"container d-flex flex-lg-row flex-column  align-items-center justify-content-around about-text\"><div class=\"ps-2\"><div class=\"some-text text-start pt-2\">El Centro de Ortopedia y Columna de Puerto Rico fue fundado para ofrecer a los pacientes opciones nuevas, convenientes y de vanguardia para el tratamiento de afecciones ortop\u00e9dicas generales, de columna, articulaciones, traumatismos y deformidades de las extremidades. Estamos enfocados en brindar la \u00faltima tecnolog\u00eda e innovaciones en atenci\u00f3n quir\u00fargica y no quir\u00fargica para nuestros pacientes.<\/div><\/div><\/div><\/section><section id=\"about-company\"><div class=\"overlay\"><div class=\"about-company-logo-container d-flex justify-content-center align-items-center\">\u00a0<\/div><\/div><\/section>\t\t\t\t\t\t\t\t<\/div>\n\t\t\t\t<\/div>\n\t\t\t\t\t<\/div>\n\t\t\t\t<\/div>\n\t\t<div class=\"elementor-element elementor-element-21c37dd e-flex e-con-boxed e-con e-parent\" data-id=\"21c37dd\" data-element_type=\"container\" data-settings=\"{&quot;background_background&quot;:&quot;classic&quot;}\">\n\t\t\t\t\t<div class=\"e-con-inner\">\n\t\t\t\t<div class=\"elementor-element elementor-element-22e282c elementor-widget elementor-widget-image\" data-id=\"22e282c\" data-element_type=\"widget\" data-widget_type=\"image.default\">\n\t\t\t\t\t\t\t\t\t\t\t\t\t\t\t<img alt=\"\" decoding=\"async\" width=\"305\" height=\"200\" src=\"https:\/\/oscpr.com\/wp-content\/uploads\/2024\/12\/saax-e1759243514290.png\" class=\"attachment-large size-large wp-image-100\" \/>\t\t\t\t\t\t\t\t\t\t\t\t\t\t\t<\/div>\n\t\t\t\t<div class=\"elementor-element elementor-element-72c2954 elementor-widget elementor-widget-text-editor\" data-id=\"72c2954\" data-element_type=\"widget\" data-widget_type=\"text-editor.default\">\n\t\t\t\t\t\t\t\t\t<section id=\"about-company\"><div class=\"overlay\"><div class=\"about-company-text\"><div class=\"some-text text-white text-center container\">Nuestros m\u00e9dicos han capacitado a l\u00edderes reconocidos en todas estas \u00e1reas en todo el pa\u00eds. Utilizamos los \u00faltimos protocolos basados \u200b\u200ben evidencia para diagnosticar y tratar su afecci\u00f3n. Orthopaedic and Spine Center of Puerto Rico se ha asociado con el Hospital Damas en Ponce Puerto Rico para brindar atenci\u00f3n m\u00e9dica a toda la poblaci\u00f3n de Puerto Rico. Esperamos poder ayudar a los pacientes con sus afecciones m\u00e9dicas a mejorar su calidad de vida.<\/div><div class=\"d-flex justify-content-center align-items-end\">\u00a0<\/div><\/div><\/div><\/section><section id=\"footer\" class=\"d-flex align-items-center\"><div class=\"footer-container container-fluid w-100 d-flex flex-xl-row flex-column justify-content-around align-items-center\"><div class=\"foot-logo-container b d-flex justify-content-center align-items-center\">\u00a0<\/div><\/div><\/section>\t\t\t\t\t\t\t\t<\/div>\n\t\t\t\t\t<\/div>\n\t\t\t\t<\/div>\n\t\t\t\t<\/div>","protected":false},"excerpt":{"rendered":"<p>Orthopedic surgeons specialized in treating minor to severe injuries Orthopedic and Spine Center of Puerto Rico was founded to offer patients new, convenient and cutting-edge options for the treatment of general orthopedic, spine, joints,trauma and limb deformity conditions. We are focused on providing the latest technology and innovations in both non-surgical and surgical care for [&hellip;]<\/p>\n","protected":false},"author":1,"featured_media":0,"parent":0,"menu_order":0,"comment_status":"closed","ping_status":"closed","template":"","meta":{"_acf_changed":false,"_seopress_robots_primary_cat":"","_seopress_titles_title":"","_seopress_titles_desc":"","_seopress_robots_index":"","footnotes":""},"class_list":["post-21","page","type-page","status-publish","hentry"],"acf":[],"_links":{"self":[{"href":"https:\/\/oscpr.com\/es\/wp-json\/wp\/v2\/pages\/21","targetHints":{"allow":["GET"]}}],"collection":[{"href":"https:\/\/oscpr.com\/es\/wp-json\/wp\/v2\/pages"}],"about":[{"href":"https:\/\/oscpr.com\/es\/wp-json\/wp\/v2\/types\/page"}],"author":[{"embeddable":true,"href":"https:\/\/oscpr.com\/es\/wp-json\/wp\/v2\/users\/1"}],"replies":[{"embeddable":true,"href":"https:\/\/oscpr.com\/es\/wp-json\/wp\/v2\/comments?post=21"}],"version-history":[{"count":25,"href":"https:\/\/oscpr.com\/es\/wp-json\/wp\/v2\/pages\/21\/revisions"}],"predecessor-version":[{"id":416,"href":"https:\/\/oscpr.com\/es\/wp-json\/wp\/v2\/pages\/21\/revisions\/416"}],"wp:attachment":[{"href":"https:\/\/oscpr.com\/es\/wp-json\/wp\/v2\/media?parent=21"}],"curies":[{"name":"wp","href":"https:\/\/api.w.org\/{rel}","templated":true}]}}